{"id":21189,"date":"2026-04-20T17:06:24","date_gmt":"2026-04-20T14:06:24","guid":{"rendered":"https:\/\/tabakasstudija.lv\/?post_type=product&#038;p=21189"},"modified":"2026-04-20T17:17:19","modified_gmt":"2026-04-20T14:17:19","slug":"aromatizetas-cigaresu-caulites-firebox-strawberry-250","status":"publish","type":"product","link":"https:\/\/tabakasstudija.lv\/ru\/product\/aromatizetas-cigaresu-caulites-firebox-strawberry-250\/","title":{"rendered":"Aromatiz\u0113t\u0101s cigare\u0161u \u010daul\u012btes FIREBOX STRAWBERRY 250"},"content":{"rendered":"<p data-start=\"128\" data-end=\"326\"><strong>Firebox Strawberry<\/strong> cigare\u0161u \u010daul\u012btes ar aromatiz\u0113tu zeme\u0146u filtru ir lieliska izv\u0113le tiem, kas dod priek\u0161roku pa\u0161u pild\u012bt\u0101m cigaret\u0113m. T\u0101s nodro\u0161ina maigu vilkmi un pat\u012bkamu, viegli saldenu arom\u0101tu.<\/p>\n<p data-start=\"328\" data-end=\"442\">\u010caul\u012btes ir piem\u0113rotas vis\u0101m standarta pild\u012b\u0161anas ier\u012bc\u0113m, t\u0101s ir \u0113rti lietojamas un nodro\u0161ina vienm\u0113r\u012bgu deg\u0161anu.<\/p>\n<p data-start=\"328\" data-end=\"442\"><strong>\u012apa\u0161\u012bbas:<\/strong><\/p>\n<ul>\n<li data-section-id=\"7rj62x\" data-start=\"462\" data-end=\"489\">250 \u010daul\u012btes iepakojum\u0101<\/li>\n<li data-section-id=\"1lumf6p\" data-start=\"490\" data-end=\"522\">Standarta izm\u0113rs (King Size)<\/li>\n<li data-section-id=\"svqxtl\" data-start=\"523\" data-end=\"552\">Aromatiz\u0113ts zeme\u0146u filtrs<\/li>\n<li data-section-id=\"1nj7qlm\" data-start=\"553\" data-end=\"600\">Sader\u012bgas ar liel\u0101ko da\u013cu pild\u012b\u0161anas ier\u012b\u010du<\/li>\n<\/ul>\n","protected":false},"excerpt":{"rendered":"<p>Firebox Strawberry &#8212; cigare\u0161u \u010daul\u012btes ar aromatiz\u0113tu filtru, piem\u0113rotas standarta pild\u012b\u0161anas ier\u012bc\u0113m.<\/p>\n<p>Ra\u017eots: Polij\u0101<\/p>\n","protected":false},"featured_media":21190,"comment_status":"open","ping_status":"closed","template":"","meta":[],"product_cat":[350],"product_tag":[520,515],"_links":{"self":[{"href":"https:\/\/tabakasstudija.lv\/ru\/wp-json\/wp\/v2\/product\/21189"}],"collection":[{"href":"https:\/\/tabakasstudija.lv\/ru\/wp-json\/wp\/v2\/product"}],"about":[{"href":"https:\/\/tabakasstudija.lv\/ru\/wp-json\/wp\/v2\/types\/product"}],"replies":[{"embeddable":true,"href":"https:\/\/tabakasstudija.lv\/ru\/wp-json\/wp\/v2\/comments?post=21189"}],"version-history":[{"count":1,"href":"https:\/\/tabakasstudija.lv\/ru\/wp-json\/wp\/v2\/product\/21189\/revisions"}],"predecessor-version":[{"id":21192,"href":"https:\/\/tabakasstudija.lv\/ru\/wp-json\/wp\/v2\/product\/21189\/revisions\/21192"}],"wp:featuredmedia":[{"embeddable":true,"href":"https:\/\/tabakasstudija.lv\/ru\/wp-json\/wp\/v2\/media\/21190"}],"wp:attachment":[{"href":"https:\/\/tabakasstudija.lv\/ru\/wp-json\/wp\/v2\/media?parent=21189"}],"wp:term":[{"taxonomy":"product_cat","embeddable":true,"href":"https:\/\/tabakasstudija.lv\/ru\/wp-json\/wp\/v2\/product_cat?post=21189"},{"taxonomy":"product_tag","embeddable":true,"href":"https:\/\/tabakasstudija.lv\/ru\/wp-json\/wp\/v2\/product_tag?post=21189"}],"curies":[{"name":"wp","href":"https:\/\/api.w.org\/{rel}","templated":true}]}}